{"id":1544,"date":"2021-04-21T14:11:58","date_gmt":"2021-04-21T14:11:58","guid":{"rendered":"https:\/\/montajedechimeneas.com\/?page_id=1544"},"modified":"2023-05-05T08:34:04","modified_gmt":"2023-05-05T08:34:04","slug":"calefaccion-centralizada","status":"publish","type":"page","link":"https:\/\/montajedechimeneas.com\/?page_id=1544","title":{"rendered":"Calefacci\u00f3n Centralizada"},"content":{"rendered":"\t\t<div data-elementor-type=\"wp-page\" data-elementor-id=\"1544\" class=\"elementor elementor-1544\" data-elementor-settings=\"[]\">\n\t\t\t\t\t\t\t<div class=\"elementor-section-wrap\">\n\t\t\t\t\t\t\t<section class=\"elementor-section elementor-top-section elementor-element elementor-element-34277c67 elementor-section-boxed elementor-section-height-default elementor-section-height-default\" data-id=\"34277c67\" data-element_type=\"section\">\n\t\t\t\t\t\t\t<div class=\"elementor-background-overlay\"><\/div>\n\t\t\t\t\t\t\t<div class=\"elementor-container elementor-column-gap-no\">\n\t\t\t\t\t<div class=\"elementor-column elementor-col-50 elementor-top-column elementor-element elementor-element-217497e3\" data-id=\"217497e3\" data-element_type=\"column\">\n\t\t\t<div class=\"elementor-widget-wrap elementor-element-populated\">\n\t\t\t\t\t\t\t\t<div class=\"elementor-element elementor-element-25666558 elementor-widget elementor-widget-heading\" data-id=\"25666558\" data-element_type=\"widget\" data-widget_type=\"heading.default\">\n\t\t\t\t<div class=\"elementor-widget-container\">\n\t\t\t<h2 class=\"elementor-heading-title elementor-size-default\">Calefacci\u00f3n Centralizada<\/h2>\t\t<\/div>\n\t\t\t\t<\/div>\n\t\t\t\t\t<\/div>\n\t\t<\/div>\n\t\t\t\t<div class=\"elementor-column elementor-col-50 elementor-top-column elementor-element elementor-element-2d17052\" data-id=\"2d17052\" data-element_type=\"column\">\n\t\t\t<div class=\"elementor-widget-wrap elementor-element-populated\">\n\t\t\t\t\t\t\t\t<div class=\"elementor-element elementor-element-77680b8d elementor-widget elementor-widget-text-editor\" data-id=\"77680b8d\" data-element_type=\"widget\" data-widget_type=\"text-editor.default\">\n\t\t\t\t<div class=\"elementor-widget-container\">\n\t\t\t\t\t<div class=\"elementor-text-editor elementor-clearfix\"><p><span style=\"font-weight: 400;\">El sector natural de nuestro mercado ha sido durante a\u00f1os las instalaciones de calefacci\u00f3n centralizada. Este mercado ha ido evolucionando a lo largo de los a\u00f1os, pasando de conductos aislados por las elevadas temperaturas a las que trabajaban las calderas a otros destinados m\u00e1s a evitar las fugas de condensados que se producen debido a los altos rendimientos de las calderas actuales, las cuales hacen que los gases salgan a temperaturas muy bajas y se condense.<\/span><\/p><\/div>\n\t\t\t\t<\/div>\n\t\t\t\t<\/div>\n\t\t\t\t<div class=\"elementor-element elementor-element-79f77c2 elementor-widget elementor-widget-text-editor\" data-id=\"79f77c2\" data-element_type=\"widget\" data-widget_type=\"text-editor.default\">\n\t\t\t\t<div class=\"elementor-widget-container\">\n\t\t\t\t\t<div class=\"elementor-text-editor elementor-clearfix\"><p><span style=\"font-weight: 400;\">La soluci\u00f3n a este tipo de instalaciones es el uso de materiales con alta resistencia a la corrosi\u00f3n y que a su vez tengan una estanqueidad \u00f3ptima a los condensados, todo ello acompa\u00f1ado siempre de las pendientes adecuadas en los tramos horizontales.<\/span><\/p><\/div>\n\t\t\t\t<\/div>\n\t\t\t\t<\/div>\n\t\t\t\t<div class=\"elementor-element elementor-element-f7ce266 elementor-align-center elementor-widget elementor-widget-button\" data-id=\"f7ce266\" data-element_type=\"widget\" data-widget_type=\"button.default\">\n\t\t\t\t<div class=\"elementor-widget-container\">\n\t\t\t\t\t<div class=\"elementor-button-wrapper\">\n\t\t\t<a href=\"https:\/\/montajedechimeneas.com\/?page_id=754\" class=\"elementor-button-link elementor-button elementor-size-sm\" role=\"button\">\n\t\t\t\t\t\t<span class=\"elementor-button-content-wrapper\">\n\t\t\t\t\t\t<span class=\"elementor-button-text\">Haz clic aqu\u00ed para contactarnos.<\/span>\n\t\t<\/span>\n\t\t\t\t\t<\/a>\n\t\t<\/div>\n\t\t\t\t<\/div>\n\t\t\t\t<\/div>\n\t\t\t\t\t<\/div>\n\t\t<\/div>\n\t\t\t\t\t\t\t<\/div>\n\t\t<\/section>\n\t\t\t\t<section class=\"elementor-section elementor-top-section elementor-element elementor-element-4fa11189 elementor-section-boxed elementor-section-height-default elementor-section-height-default\" data-id=\"4fa11189\" data-element_type=\"section\" data-settings=\"{&quot;background_background&quot;:&quot;gradient&quot;}\">\n\t\t\t\t\t\t<div class=\"elementor-container elementor-column-gap-no\">\n\t\t\t\t\t<div class=\"elementor-column elementor-col-100 elementor-top-column elementor-element elementor-element-6a0cb495\" data-id=\"6a0cb495\" data-element_type=\"column\">\n\t\t\t<div class=\"elementor-widget-wrap elementor-element-populated\">\n\t\t\t\t\t\t\t\t<div class=\"elementor-element elementor-element-4d9d9662 gallery-spacing-custom elementor-widget elementor-widget-image-gallery\" data-id=\"4d9d9662\" data-element_type=\"widget\" data-settings=\"{&quot;_animation&quot;:&quot;none&quot;}\" data-widget_type=\"image-gallery.default\">\n\t\t\t\t<div class=\"elementor-widget-container\">\n\t\t\t\t\t<div class=\"elementor-image-gallery\">\n\t\t\t<div id='gallery-1' class='gallery galleryid-1544 gallery-columns-6 gallery-size-medium_large'><figure class='gallery-item'>\n\t\t\t<div class='gallery-icon landscape'>\n\t\t\t\t<a data-elementor-open-lightbox=\"yes\" data-elementor-lightbox-slideshow=\"4d9d9662\" data-elementor-lightbox-title=\"Carlderas 11\" data-elementor-lightbox-description=\"Montaje de chimeneas en Madrid\" href='https:\/\/montajedechimeneas.com\/wp-content\/uploads\/2021\/04\/Carlderas-11-scaled.jpg'><img loading=\"lazy\" decoding=\"async\" width=\"768\" height=\"768\" src=\"https:\/\/montajedechimeneas.com\/wp-content\/uploads\/2021\/04\/Carlderas-11-scaled.jpg\" class=\"attachment-medium_large size-medium_large\" alt=\"Montaje de chimeneas en Madrid\" srcset=\"https:\/\/montajedechimeneas.com\/wp-content\/uploads\/2021\/04\/Carlderas-11-scaled.jpg 2560w, https:\/\/montajedechimeneas.com\/wp-content\/uploads\/2021\/04\/Carlderas-11-300x300.jpg 300w\" sizes=\"auto, (max-width: 768px) 100vw, 768px\" \/><\/a>\n\t\t\t<\/div><\/figure><figure class='gallery-item'>\n\t\t\t<div class='gallery-icon landscape'>\n\t\t\t\t<a data-elementor-open-lightbox=\"yes\" data-elementor-lightbox-slideshow=\"4d9d9662\" data-elementor-lightbox-title=\"Carlderas 10\" data-elementor-lightbox-description=\"Montaje de chimeneas en Madrid\" href='https:\/\/montajedechimeneas.com\/wp-content\/uploads\/2021\/04\/Carlderas-10-scaled.jpg'><img loading=\"lazy\" decoding=\"async\" width=\"768\" height=\"768\" src=\"https:\/\/montajedechimeneas.com\/wp-content\/uploads\/2021\/04\/Carlderas-10-scaled.jpg\" class=\"attachment-medium_large size-medium_large\" alt=\"Montaje de chimeneas en Madrid\" srcset=\"https:\/\/montajedechimeneas.com\/wp-content\/uploads\/2021\/04\/Carlderas-10-scaled.jpg 2560w, https:\/\/montajedechimeneas.com\/wp-content\/uploads\/2021\/04\/Carlderas-10-300x300.jpg 300w\" sizes=\"auto, (max-width: 768px) 100vw, 768px\" \/><\/a>\n\t\t\t<\/div><\/figure><figure class='gallery-item'>\n\t\t\t<div class='gallery-icon landscape'>\n\t\t\t\t<a data-elementor-open-lightbox=\"yes\" data-elementor-lightbox-slideshow=\"4d9d9662\" data-elementor-lightbox-title=\"Carlderas 9\" data-elementor-lightbox-description=\"Montaje de chimeneas en Madrid\" href='https:\/\/montajedechimeneas.com\/wp-content\/uploads\/2021\/04\/Carlderas-9-scaled.jpg'><img loading=\"lazy\" decoding=\"async\" width=\"768\" height=\"768\" src=\"https:\/\/montajedechimeneas.com\/wp-content\/uploads\/2021\/04\/Carlderas-9-scaled.jpg\" class=\"attachment-medium_large size-medium_large\" alt=\"Montaje de chimeneas en Madrid\" srcset=\"https:\/\/montajedechimeneas.com\/wp-content\/uploads\/2021\/04\/Carlderas-9-scaled.jpg 2560w, https:\/\/montajedechimeneas.com\/wp-content\/uploads\/2021\/04\/Carlderas-9-300x300.jpg 300w\" sizes=\"auto, (max-width: 768px) 100vw, 768px\" \/><\/a>\n\t\t\t<\/div><\/figure><figure class='gallery-item'>\n\t\t\t<div class='gallery-icon landscape'>\n\t\t\t\t<a data-elementor-open-lightbox=\"yes\" data-elementor-lightbox-slideshow=\"4d9d9662\" data-elementor-lightbox-title=\"Carlderas 8\" data-elementor-lightbox-description=\"Montaje de chimeneas en Madrid\" href='https:\/\/montajedechimeneas.com\/wp-content\/uploads\/2021\/04\/Carlderas-8-scaled.jpg'><img loading=\"lazy\" decoding=\"async\" width=\"768\" height=\"768\" src=\"https:\/\/montajedechimeneas.com\/wp-content\/uploads\/2021\/04\/Carlderas-8-scaled.jpg\" class=\"attachment-medium_large size-medium_large\" alt=\"Montaje de chimeneas en Madrid\" srcset=\"https:\/\/montajedechimeneas.com\/wp-content\/uploads\/2021\/04\/Carlderas-8-scaled.jpg 2560w, https:\/\/montajedechimeneas.com\/wp-content\/uploads\/2021\/04\/Carlderas-8-300x300.jpg 300w\" sizes=\"auto, (max-width: 768px) 100vw, 768px\" \/><\/a>\n\t\t\t<\/div><\/figure><figure class='gallery-item'>\n\t\t\t<div class='gallery-icon landscape'>\n\t\t\t\t<a data-elementor-open-lightbox=\"yes\" data-elementor-lightbox-slideshow=\"4d9d9662\" data-elementor-lightbox-title=\"Carlderas 7\" data-elementor-lightbox-description=\"Montaje de chimeneas en Madrid\" href='https:\/\/montajedechimeneas.com\/wp-content\/uploads\/2021\/04\/Carlderas-7-scaled.jpg'><img loading=\"lazy\" decoding=\"async\" width=\"768\" height=\"768\" src=\"https:\/\/montajedechimeneas.com\/wp-content\/uploads\/2021\/04\/Carlderas-7-768x768.jpg\" class=\"attachment-medium_large size-medium_large\" alt=\"Montaje de chimeneas en Madrid\" srcset=\"https:\/\/montajedechimeneas.com\/wp-content\/uploads\/2021\/04\/Carlderas-7-768x768.jpg 768w, https:\/\/montajedechimeneas.com\/wp-content\/uploads\/2021\/04\/Carlderas-7-300x300.jpg 300w, https:\/\/montajedechimeneas.com\/wp-content\/uploads\/2021\/04\/Carlderas-7-1024x1024.jpg 1024w, https:\/\/montajedechimeneas.com\/wp-content\/uploads\/2021\/04\/Carlderas-7-150x150.jpg 150w, https:\/\/montajedechimeneas.com\/wp-content\/uploads\/2021\/04\/Carlderas-7-1536x1536.jpg 1536w, https:\/\/montajedechimeneas.com\/wp-content\/uploads\/2021\/04\/Carlderas-7-2048x2048.jpg 2048w\" sizes=\"auto, (max-width: 768px) 100vw, 768px\" \/><\/a>\n\t\t\t<\/div><\/figure><figure class='gallery-item'>\n\t\t\t<div class='gallery-icon landscape'>\n\t\t\t\t<a data-elementor-open-lightbox=\"yes\" data-elementor-lightbox-slideshow=\"4d9d9662\" data-elementor-lightbox-title=\"Carlderas 6\" data-elementor-lightbox-description=\"Montaje de chimeneas en Madrid\" href='https:\/\/montajedechimeneas.com\/wp-content\/uploads\/2021\/04\/Carlderas-6-scaled.jpg'><img loading=\"lazy\" decoding=\"async\" width=\"768\" height=\"768\" src=\"https:\/\/montajedechimeneas.com\/wp-content\/uploads\/2021\/04\/Carlderas-6-768x768.jpg\" class=\"attachment-medium_large size-medium_large\" alt=\"Montaje de chimeneas en Madrid\" srcset=\"https:\/\/montajedechimeneas.com\/wp-content\/uploads\/2021\/04\/Carlderas-6-768x768.jpg 768w, https:\/\/montajedechimeneas.com\/wp-content\/uploads\/2021\/04\/Carlderas-6-300x300.jpg 300w, https:\/\/montajedechimeneas.com\/wp-content\/uploads\/2021\/04\/Carlderas-6-1024x1024.jpg 1024w, https:\/\/montajedechimeneas.com\/wp-content\/uploads\/2021\/04\/Carlderas-6-150x150.jpg 150w, https:\/\/montajedechimeneas.com\/wp-content\/uploads\/2021\/04\/Carlderas-6-1536x1536.jpg 1536w, https:\/\/montajedechimeneas.com\/wp-content\/uploads\/2021\/04\/Carlderas-6-2048x2048.jpg 2048w\" sizes=\"auto, (max-width: 768px) 100vw, 768px\" \/><\/a>\n\t\t\t<\/div><\/figure><figure class='gallery-item'>\n\t\t\t<div class='gallery-icon landscape'>\n\t\t\t\t<a data-elementor-open-lightbox=\"yes\" data-elementor-lightbox-slideshow=\"4d9d9662\" data-elementor-lightbox-title=\"Carlderas 3\" data-elementor-lightbox-description=\"Montaje de chimeneas en Madrid\" href='https:\/\/montajedechimeneas.com\/wp-content\/uploads\/2021\/04\/Carlderas-3-scaled.jpg'><img loading=\"lazy\" decoding=\"async\" width=\"768\" height=\"576\" src=\"https:\/\/montajedechimeneas.com\/wp-content\/uploads\/2021\/04\/Carlderas-3-scaled.jpg\" class=\"attachment-medium_large size-medium_large\" alt=\"Montaje de chimeneas en Madrid\" srcset=\"https:\/\/montajedechimeneas.com\/wp-content\/uploads\/2021\/04\/Carlderas-3-scaled.jpg 2560w, https:\/\/montajedechimeneas.com\/wp-content\/uploads\/2021\/04\/Carlderas-3-300x225.jpg 300w\" sizes=\"auto, (max-width: 768px) 100vw, 768px\" \/><\/a>\n\t\t\t<\/div><\/figure><figure class='gallery-item'>\n\t\t\t<div class='gallery-icon landscape'>\n\t\t\t\t<a data-elementor-open-lightbox=\"yes\" data-elementor-lightbox-slideshow=\"4d9d9662\" data-elementor-lightbox-title=\"OLYMPUS DIGITAL CAMERA\" data-elementor-lightbox-description=\"Montaje de chimeneas en Madrid\" href='https:\/\/montajedechimeneas.com\/wp-content\/uploads\/2021\/04\/Carlderas-2-scaled.jpg'><img loading=\"lazy\" decoding=\"async\" width=\"768\" height=\"576\" src=\"https:\/\/montajedechimeneas.com\/wp-content\/uploads\/2021\/04\/Carlderas-2-768x576.jpg\" class=\"attachment-medium_large size-medium_large\" alt=\"Montaje de chimeneas en Madrid\" srcset=\"https:\/\/montajedechimeneas.com\/wp-content\/uploads\/2021\/04\/Carlderas-2-768x576.jpg 768w, https:\/\/montajedechimeneas.com\/wp-content\/uploads\/2021\/04\/Carlderas-2-300x225.jpg 300w, https:\/\/montajedechimeneas.com\/wp-content\/uploads\/2021\/04\/Carlderas-2-1024x768.jpg 1024w, https:\/\/montajedechimeneas.com\/wp-content\/uploads\/2021\/04\/Carlderas-2-1536x1152.jpg 1536w, https:\/\/montajedechimeneas.com\/wp-content\/uploads\/2021\/04\/Carlderas-2-2048x1536.jpg 2048w\" sizes=\"auto, (max-width: 768px) 100vw, 768px\" \/><\/a>\n\t\t\t<\/div><\/figure><figure class='gallery-item'>\n\t\t\t<div class='gallery-icon landscape'>\n\t\t\t\t<a data-elementor-open-lightbox=\"yes\" data-elementor-lightbox-slideshow=\"4d9d9662\" data-elementor-lightbox-title=\"OLYMPUS DIGITAL CAMERA\" data-elementor-lightbox-description=\"Montaje de chimeneas en Madrid\" href='https:\/\/montajedechimeneas.com\/wp-content\/uploads\/2021\/04\/Carlderas-1-scaled.jpg'><img loading=\"lazy\" decoding=\"async\" width=\"768\" height=\"576\" src=\"https:\/\/montajedechimeneas.com\/wp-content\/uploads\/2021\/04\/Carlderas-1-768x576.jpg\" class=\"attachment-medium_large size-medium_large\" alt=\"Montaje de chimeneas en Madrid\" srcset=\"https:\/\/montajedechimeneas.com\/wp-content\/uploads\/2021\/04\/Carlderas-1-768x576.jpg 768w, https:\/\/montajedechimeneas.com\/wp-content\/uploads\/2021\/04\/Carlderas-1-300x225.jpg 300w, https:\/\/montajedechimeneas.com\/wp-content\/uploads\/2021\/04\/Carlderas-1-1024x768.jpg 1024w, https:\/\/montajedechimeneas.com\/wp-content\/uploads\/2021\/04\/Carlderas-1-1536x1152.jpg 1536w, https:\/\/montajedechimeneas.com\/wp-content\/uploads\/2021\/04\/Carlderas-1-2048x1536.jpg 2048w\" sizes=\"auto, (max-width: 768px) 100vw, 768px\" \/><\/a>\n\t\t\t<\/div><\/figure><figure class='gallery-item'>\n\t\t\t<div class='gallery-icon portrait'>\n\t\t\t\t<a data-elementor-open-lightbox=\"yes\" data-elementor-lightbox-slideshow=\"4d9d9662\" data-elementor-lightbox-title=\"Montaje de chimeneas en Madrid\" data-elementor-lightbox-description=\"Montaje de chimeneas en Madrid\" href='https:\/\/montajedechimeneas.com\/wp-content\/uploads\/2021\/04\/Carlderas-4-scaled.jpg'><img loading=\"lazy\" decoding=\"async\" width=\"768\" height=\"1024\" src=\"https:\/\/montajedechimeneas.com\/wp-content\/uploads\/2021\/04\/Carlderas-4-768x1024.jpg\" class=\"attachment-medium_large size-medium_large\" alt=\"Montaje de chimeneas en Madrid\" srcset=\"https:\/\/montajedechimeneas.com\/wp-content\/uploads\/2021\/04\/Carlderas-4-768x1024.jpg 768w, https:\/\/montajedechimeneas.com\/wp-content\/uploads\/2021\/04\/Carlderas-4-225x300.jpg 225w, https:\/\/montajedechimeneas.com\/wp-content\/uploads\/2021\/04\/Carlderas-4-1152x1536.jpg 1152w, https:\/\/montajedechimeneas.com\/wp-content\/uploads\/2021\/04\/Carlderas-4-1536x2048.jpg 1536w, https:\/\/montajedechimeneas.com\/wp-content\/uploads\/2021\/04\/Carlderas-4-scaled.jpg 1920w\" sizes=\"auto, (max-width: 768px) 100vw, 768px\" \/><\/a>\n\t\t\t<\/div><\/figure><figure class='gallery-item'>\n\t\t\t<div class='gallery-icon portrait'>\n\t\t\t\t<a data-elementor-open-lightbox=\"yes\" data-elementor-lightbox-slideshow=\"4d9d9662\" data-elementor-lightbox-title=\"Montaje de chimeneas en Madrid\" data-elementor-lightbox-description=\"Montaje de chimeneas en Madrid\" href='https:\/\/montajedechimeneas.com\/wp-content\/uploads\/2021\/04\/Carlderas-12-e1619513863917.jpg'><img loading=\"lazy\" decoding=\"async\" width=\"746\" height=\"996\" src=\"https:\/\/montajedechimeneas.com\/wp-content\/uploads\/2021\/04\/Carlderas-12-e1619513863917.jpg\" class=\"attachment-medium_large size-medium_large\" alt=\"Montaje de chimeneas en Madrid\" srcset=\"https:\/\/montajedechimeneas.com\/wp-content\/uploads\/2021\/04\/Carlderas-12-e1619513863917.jpg 746w, https:\/\/montajedechimeneas.com\/wp-content\/uploads\/2021\/04\/Carlderas-12-e1619513863917-225x300.jpg 225w\" sizes=\"auto, (max-width: 746px) 100vw, 746px\" \/><\/a>\n\t\t\t<\/div><\/figure><figure class='gallery-item'>\n\t\t\t<div class='gallery-icon portrait'>\n\t\t\t\t<a data-elementor-open-lightbox=\"yes\" data-elementor-lightbox-slideshow=\"4d9d9662\" data-elementor-lightbox-title=\"Carlderas 5\" data-elementor-lightbox-description=\"Montaje de chimeneas en Madrid\" href='https:\/\/montajedechimeneas.com\/wp-content\/uploads\/2021\/04\/Carlderas-5.jpg'><img loading=\"lazy\" decoding=\"async\" width=\"768\" height=\"1024\" src=\"https:\/\/montajedechimeneas.com\/wp-content\/uploads\/2021\/04\/Carlderas-5-768x1024.jpg\" class=\"attachment-medium_large size-medium_large\" alt=\"Montaje de chimeneas en Madrid\" srcset=\"https:\/\/montajedechimeneas.com\/wp-content\/uploads\/2021\/04\/Carlderas-5-768x1024.jpg 768w, https:\/\/montajedechimeneas.com\/wp-content\/uploads\/2021\/04\/Carlderas-5-225x300.jpg 225w, https:\/\/montajedechimeneas.com\/wp-content\/uploads\/2021\/04\/Carlderas-5-1152x1536.jpg 1152w, https:\/\/montajedechimeneas.com\/wp-content\/uploads\/2021\/04\/Carlderas-5.jpg 1200w\" sizes=\"auto, (max-width: 768px) 100vw, 768px\" \/><\/a>\n\t\t\t<\/div><\/figure>\n\t\t<\/div>\n\t\t<\/div>\n\t\t\t\t<\/div>\n\t\t\t\t<\/div>\n\t\t\t\t<div class=\"elementor-element elementor-element-8312d85 elementor-widget elementor-widget-text-editor\" data-id=\"8312d85\" data-element_type=\"widget\" data-widget_type=\"text-editor.default\">\n\t\t\t\t<div class=\"elementor-widget-container\">\n\t\t\t\t\t<div class=\"elementor-text-editor elementor-clearfix\"><h5><span style=\"color: #003366;\"><strong><a style=\"color: #003366;\" href=\"#Servicios1\">Otros Servicios<\/a><\/strong><\/span><\/h5><\/div>\n\t\t\t\t<\/div>\n\t\t\t\t<\/div>\n\t\t\t\t\t<\/div>\n\t\t<\/div>\n\t\t\t\t\t\t\t<\/div>\n\t\t<\/section>\n\t\t\t\t\t\t<\/div>\n\t\t\t\t\t<\/div>\n\t\t","protected":false},"excerpt":{"rendered":"<p>Calefacci\u00f3n Centralizada El sector natural de nuestro mercado ha sido durante a\u00f1os las instalaciones de calefacci\u00f3n centralizada. Este mercado ha ido evolucionando a lo largo de los a\u00f1os, pasando de conductos aislados por las elevadas temperaturas a las que trabajaban las calderas a otros destinados m\u00e1s a evitar las fugas de condensados que se producen &hellip;<\/p>\n<p class=\"read-more\"> <a class=\"\" href=\"https:\/\/montajedechimeneas.com\/?page_id=1544\"> <span class=\"screen-reader-text\">Calefacci\u00f3n Centralizada<\/span> Leer m\u00e1s &raquo;<\/a><\/p>\n","protected":false},"author":1,"featured_media":0,"parent":0,"menu_order":0,"comment_status":"closed","ping_status":"closed","template":"","meta":{"_mi_skip_tracking":false,"site-sidebar-layout":"no-sidebar","site-content-layout":"page-builder","ast-global-header-display":"","ast-main-header-display":"","ast-hfb-above-header-display":"","ast-hfb-below-header-display":"","ast-hfb-mobile-header-display":"","site-post-title":"disabled","ast-breadcrumbs-content":"","ast-featured-img":"disabled","footer-sml-layout":"","theme-transparent-header-meta":"default","adv-header-id-meta":"","stick-header-meta":"","header-above-stick-meta":"","header-main-stick-meta":"","header-below-stick-meta":"","_joinchat":[],"footnotes":""},"class_list":["post-1544","page","type-page","status-publish","hentry"],"_links":{"self":[{"href":"https:\/\/montajedechimeneas.com\/index.php?rest_route=\/wp\/v2\/pages\/1544","targetHints":{"allow":["GET"]}}],"collection":[{"href":"https:\/\/montajedechimeneas.com\/index.php?rest_route=\/wp\/v2\/pages"}],"about":[{"href":"https:\/\/montajedechimeneas.com\/index.php?rest_route=\/wp\/v2\/types\/page"}],"author":[{"embeddable":true,"href":"https:\/\/montajedechimeneas.com\/index.php?rest_route=\/wp\/v2\/users\/1"}],"replies":[{"embeddable":true,"href":"https:\/\/montajedechimeneas.com\/index.php?rest_route=%2Fwp%2Fv2%2Fcomments&post=1544"}],"version-history":[{"count":28,"href":"https:\/\/montajedechimeneas.com\/index.php?rest_route=\/wp\/v2\/pages\/1544\/revisions"}],"predecessor-version":[{"id":2888,"href":"https:\/\/montajedechimeneas.com\/index.php?rest_route=\/wp\/v2\/pages\/1544\/revisions\/2888"}],"wp:attachment":[{"href":"https:\/\/montajedechimeneas.com\/index.php?rest_route=%2Fwp%2Fv2%2Fmedia&parent=1544"}],"curies":[{"name":"wp","href":"https:\/\/api.w.org\/{rel}","templated":true}]}}