{"id":1535,"date":"2021-04-21T14:10:10","date_gmt":"2021-04-21T14:10:10","guid":{"rendered":"https:\/\/montajedechimeneas.com\/?page_id=1535"},"modified":"2023-05-05T08:34:58","modified_gmt":"2023-05-05T08:34:58","slug":"grupos-electrogenos","status":"publish","type":"page","link":"https:\/\/montajedechimeneas.com\/?page_id=1535","title":{"rendered":"Grupos electr\u00f3genos"},"content":{"rendered":"\t\t<div data-elementor-type=\"wp-page\" data-elementor-id=\"1535\" class=\"elementor elementor-1535\" data-elementor-settings=\"[]\">\n\t\t\t\t\t\t\t<div class=\"elementor-section-wrap\">\n\t\t\t\t\t\t\t<section class=\"elementor-section elementor-top-section elementor-element elementor-element-34277c67 elementor-section-boxed elementor-section-height-default elementor-section-height-default\" data-id=\"34277c67\" data-element_type=\"section\">\n\t\t\t\t\t\t\t<div class=\"elementor-background-overlay\"><\/div>\n\t\t\t\t\t\t\t<div class=\"elementor-container elementor-column-gap-no\">\n\t\t\t\t\t<div class=\"elementor-column elementor-col-50 elementor-top-column elementor-element elementor-element-217497e3\" data-id=\"217497e3\" data-element_type=\"column\">\n\t\t\t<div class=\"elementor-widget-wrap elementor-element-populated\">\n\t\t\t\t\t\t\t\t<div class=\"elementor-element elementor-element-25666558 elementor-widget elementor-widget-heading\" data-id=\"25666558\" data-element_type=\"widget\" data-widget_type=\"heading.default\">\n\t\t\t\t<div class=\"elementor-widget-container\">\n\t\t\t<h2 class=\"elementor-heading-title elementor-size-default\">Grupos Electr\u00f3genos <\/h2>\t\t<\/div>\n\t\t\t\t<\/div>\n\t\t\t\t\t<\/div>\n\t\t<\/div>\n\t\t\t\t<div class=\"elementor-column elementor-col-50 elementor-top-column elementor-element elementor-element-2d17052\" data-id=\"2d17052\" data-element_type=\"column\">\n\t\t\t<div class=\"elementor-widget-wrap elementor-element-populated\">\n\t\t\t\t\t\t\t\t<div class=\"elementor-element elementor-element-77680b8d elementor-widget elementor-widget-text-editor\" data-id=\"77680b8d\" data-element_type=\"widget\" data-widget_type=\"text-editor.default\">\n\t\t\t\t<div class=\"elementor-widget-container\">\n\t\t\t\t\t<div class=\"elementor-text-editor elementor-clearfix\"><p><span style=\"font-weight: 400;\">La evacuaci\u00f3n de los gases de combusti\u00f3n de <\/span><b>Grupos Electr\u00f3genos<\/b><span style=\"font-weight: 400;\">, tiene una especial dificultad, debido a las altas temperaturas de trabajo de los mismos y a la sobrepresi\u00f3n que se genera en los conductos de evacuaci\u00f3n.<\/span><\/p><p><span style=\"font-weight: 400;\">Para solventar estas dificultades, trabajamos con conductos con aislamientos t\u00e9rmicos de mayor densidad y espesor, as\u00ed como con una mayor estanquidad en sus juntas. Estos sistemas\u00a0 en conjunto, nos ofrecen la seguridad necesaria para ejecutar nuestras instalaciones con plenas garant\u00edas de funcionamiento, evitando fugas de gases, deterioro de instalaciones por trasmisi\u00f3n de calor, etc.<\/span><\/p><p><span style=\"font-weight: 400;\">No dude en consultarnos y nuestros t\u00e9cnicos valorar\u00e1n en sus instalaciones todo lo relacionado con sus necesidades.<\/span><\/p><\/div>\n\t\t\t\t<\/div>\n\t\t\t\t<\/div>\n\t\t\t\t<div class=\"elementor-element elementor-element-62b7d02 elementor-align-center elementor-widget elementor-widget-button\" data-id=\"62b7d02\" data-element_type=\"widget\" data-widget_type=\"button.default\">\n\t\t\t\t<div class=\"elementor-widget-container\">\n\t\t\t\t\t<div class=\"elementor-button-wrapper\">\n\t\t\t<a href=\"https:\/\/montajedechimeneas.com\/?page_id=754\" class=\"elementor-button-link elementor-button elementor-size-sm\" role=\"button\">\n\t\t\t\t\t\t<span class=\"elementor-button-content-wrapper\">\n\t\t\t\t\t\t<span class=\"elementor-button-text\">Haz clic aqu\u00ed para contactarnos.<\/span>\n\t\t<\/span>\n\t\t\t\t\t<\/a>\n\t\t<\/div>\n\t\t\t\t<\/div>\n\t\t\t\t<\/div>\n\t\t\t\t\t<\/div>\n\t\t<\/div>\n\t\t\t\t\t\t\t<\/div>\n\t\t<\/section>\n\t\t\t\t<section class=\"elementor-section elementor-top-section elementor-element elementor-element-4fa11189 elementor-section-boxed elementor-section-height-default elementor-section-height-default\" data-id=\"4fa11189\" data-element_type=\"section\" data-settings=\"{&quot;background_background&quot;:&quot;gradient&quot;}\">\n\t\t\t\t\t\t<div class=\"elementor-container elementor-column-gap-no\">\n\t\t\t\t\t<div class=\"elementor-column elementor-col-100 elementor-top-column elementor-element elementor-element-6a0cb495\" data-id=\"6a0cb495\" data-element_type=\"column\">\n\t\t\t<div class=\"elementor-widget-wrap elementor-element-populated\">\n\t\t\t\t\t\t\t\t<div class=\"elementor-element elementor-element-4d9d9662 gallery-spacing-custom elementor-widget elementor-widget-image-gallery\" data-id=\"4d9d9662\" data-element_type=\"widget\" data-settings=\"{&quot;_animation&quot;:&quot;none&quot;}\" data-widget_type=\"image-gallery.default\">\n\t\t\t\t<div class=\"elementor-widget-container\">\n\t\t\t\t\t<div class=\"elementor-image-gallery\">\n\t\t\t<div id='gallery-1' class='gallery galleryid-1535 gallery-columns-4 gallery-size-medium_large'><figure class='gallery-item'>\n\t\t\t<div class='gallery-icon landscape'>\n\t\t\t\t<a data-elementor-open-lightbox=\"yes\" data-elementor-lightbox-slideshow=\"4d9d9662\" data-elementor-lightbox-title=\"Electrogenos 5\" data-elementor-lightbox-description=\"Montaje de chimeneas en Madrid\" href='https:\/\/montajedechimeneas.com\/wp-content\/uploads\/2021\/04\/Electrogenos-5.jpg'><img loading=\"lazy\" decoding=\"async\" width=\"768\" height=\"576\" src=\"https:\/\/montajedechimeneas.com\/wp-content\/uploads\/2021\/04\/Electrogenos-5-768x576.jpg\" class=\"attachment-medium_large size-medium_large\" alt=\"Montaje de chimeneas en Madrid\" srcset=\"https:\/\/montajedechimeneas.com\/wp-content\/uploads\/2021\/04\/Electrogenos-5-768x576.jpg 768w, https:\/\/montajedechimeneas.com\/wp-content\/uploads\/2021\/04\/Electrogenos-5-300x225.jpg 300w, https:\/\/montajedechimeneas.com\/wp-content\/uploads\/2021\/04\/Electrogenos-5-1024x768.jpg 1024w, https:\/\/montajedechimeneas.com\/wp-content\/uploads\/2021\/04\/Electrogenos-5-1536x1152.jpg 1536w, https:\/\/montajedechimeneas.com\/wp-content\/uploads\/2021\/04\/Electrogenos-5.jpg 2048w\" sizes=\"auto, (max-width: 768px) 100vw, 768px\" \/><\/a>\n\t\t\t<\/div><\/figure><figure class='gallery-item'>\n\t\t\t<div class='gallery-icon landscape'>\n\t\t\t\t<a data-elementor-open-lightbox=\"yes\" data-elementor-lightbox-slideshow=\"4d9d9662\" data-elementor-lightbox-title=\"Electrogenos 4\" data-elementor-lightbox-description=\"Montaje de chimeneas en Madrid\" href='https:\/\/montajedechimeneas.com\/wp-content\/uploads\/2021\/04\/Electrogenos-4-scaled.jpg'><img loading=\"lazy\" decoding=\"async\" width=\"768\" height=\"576\" src=\"https:\/\/montajedechimeneas.com\/wp-content\/uploads\/2021\/04\/Electrogenos-4-scaled.jpg\" class=\"attachment-medium_large size-medium_large\" alt=\"Montaje de chimeneas en Madrid\" srcset=\"https:\/\/montajedechimeneas.com\/wp-content\/uploads\/2021\/04\/Electrogenos-4-scaled.jpg 2560w, https:\/\/montajedechimeneas.com\/wp-content\/uploads\/2021\/04\/Electrogenos-4-300x225.jpg 300w\" sizes=\"auto, (max-width: 768px) 100vw, 768px\" \/><\/a>\n\t\t\t<\/div><\/figure><figure class='gallery-item'>\n\t\t\t<div class='gallery-icon landscape'>\n\t\t\t\t<a data-elementor-open-lightbox=\"yes\" data-elementor-lightbox-slideshow=\"4d9d9662\" data-elementor-lightbox-title=\"Electrogenos 3\" data-elementor-lightbox-description=\"Montaje de chimeneas en Madrid\" href='https:\/\/montajedechimeneas.com\/wp-content\/uploads\/2021\/04\/Electrogenos-3-scaled.jpg'><img loading=\"lazy\" decoding=\"async\" width=\"768\" height=\"576\" src=\"https:\/\/montajedechimeneas.com\/wp-content\/uploads\/2021\/04\/Electrogenos-3-scaled.jpg\" class=\"attachment-medium_large size-medium_large\" alt=\"Montaje de chimeneas en Madrid\" srcset=\"https:\/\/montajedechimeneas.com\/wp-content\/uploads\/2021\/04\/Electrogenos-3-scaled.jpg 2560w, https:\/\/montajedechimeneas.com\/wp-content\/uploads\/2021\/04\/Electrogenos-3-300x225.jpg 300w\" sizes=\"auto, (max-width: 768px) 100vw, 768px\" \/><\/a>\n\t\t\t<\/div><\/figure><figure class='gallery-item'>\n\t\t\t<div class='gallery-icon landscape'>\n\t\t\t\t<a data-elementor-open-lightbox=\"yes\" data-elementor-lightbox-slideshow=\"4d9d9662\" data-elementor-lightbox-title=\"Electrogenos 1\" data-elementor-lightbox-description=\"Montaje de chimeneas en Madrid\" href='https:\/\/montajedechimeneas.com\/wp-content\/uploads\/2021\/04\/Electrogenos-1-scaled.jpg'><img loading=\"lazy\" decoding=\"async\" width=\"768\" height=\"576\" src=\"https:\/\/montajedechimeneas.com\/wp-content\/uploads\/2021\/04\/Electrogenos-1-scaled.jpg\" class=\"attachment-medium_large size-medium_large\" alt=\"Montaje de chimeneas en Madrid\" srcset=\"https:\/\/montajedechimeneas.com\/wp-content\/uploads\/2021\/04\/Electrogenos-1-scaled.jpg 2560w, https:\/\/montajedechimeneas.com\/wp-content\/uploads\/2021\/04\/Electrogenos-1-300x225.jpg 300w\" sizes=\"auto, (max-width: 768px) 100vw, 768px\" \/><\/a>\n\t\t\t<\/div><\/figure><figure class='gallery-item'>\n\t\t\t<div class='gallery-icon portrait'>\n\t\t\t\t<a data-elementor-open-lightbox=\"yes\" data-elementor-lightbox-slideshow=\"4d9d9662\" data-elementor-lightbox-title=\"Montaje de chimeneas en Madrid\" data-elementor-lightbox-description=\"Montaje de chimeneas en Madrid\" href='https:\/\/montajedechimeneas.com\/wp-content\/uploads\/2021\/04\/Electrogenos-6-scaled-e1619515566898.jpg'><img loading=\"lazy\" decoding=\"async\" width=\"768\" height=\"1365\" src=\"https:\/\/montajedechimeneas.com\/wp-content\/uploads\/2021\/04\/Electrogenos-6-scaled-e1619515566898.jpg\" class=\"attachment-medium_large size-medium_large\" alt=\"Montaje de chimeneas en Madrid\" \/><\/a>\n\t\t\t<\/div><\/figure><figure class='gallery-item'>\n\t\t\t<div class='gallery-icon landscape'>\n\t\t\t\t<a data-elementor-open-lightbox=\"yes\" data-elementor-lightbox-slideshow=\"4d9d9662\" data-elementor-lightbox-title=\"Montaje de chimeneas en Madrid\" data-elementor-lightbox-description=\"Montaje de chimeneas en Madrid\" href='https:\/\/montajedechimeneas.com\/wp-content\/uploads\/2021\/04\/Electrogenos-8-scaled.jpg'><img loading=\"lazy\" decoding=\"async\" width=\"768\" height=\"432\" src=\"https:\/\/montajedechimeneas.com\/wp-content\/uploads\/2021\/04\/Electrogenos-8-768x432.jpg\" class=\"attachment-medium_large size-medium_large\" alt=\"Montaje de chimeneas en Madrid\" srcset=\"https:\/\/montajedechimeneas.com\/wp-content\/uploads\/2021\/04\/Electrogenos-8-768x432.jpg 768w, https:\/\/montajedechimeneas.com\/wp-content\/uploads\/2021\/04\/Electrogenos-8-300x169.jpg 300w, https:\/\/montajedechimeneas.com\/wp-content\/uploads\/2021\/04\/Electrogenos-8-1024x576.jpg 1024w, https:\/\/montajedechimeneas.com\/wp-content\/uploads\/2021\/04\/Electrogenos-8-1536x864.jpg 1536w, https:\/\/montajedechimeneas.com\/wp-content\/uploads\/2021\/04\/Electrogenos-8-2048x1152.jpg 2048w\" sizes=\"auto, (max-width: 768px) 100vw, 768px\" \/><\/a>\n\t\t\t<\/div><\/figure><figure class='gallery-item'>\n\t\t\t<div class='gallery-icon landscape'>\n\t\t\t\t<a data-elementor-open-lightbox=\"yes\" data-elementor-lightbox-slideshow=\"4d9d9662\" data-elementor-lightbox-title=\"Electrogenos 2\" data-elementor-lightbox-description=\"Montaje de chimeneas en Madrid\" href='https:\/\/montajedechimeneas.com\/wp-content\/uploads\/2021\/04\/Electrogenos-2-scaled-e1619515664985.jpg'><img loading=\"lazy\" decoding=\"async\" width=\"768\" height=\"432\" src=\"https:\/\/montajedechimeneas.com\/wp-content\/uploads\/2021\/04\/Electrogenos-2-scaled-e1619515664985.jpg\" class=\"attachment-medium_large size-medium_large\" alt=\"Montaje de chimeneas en Madrid\" \/><\/a>\n\t\t\t<\/div><\/figure><figure class='gallery-item'>\n\t\t\t<div class='gallery-icon portrait'>\n\t\t\t\t<a data-elementor-open-lightbox=\"yes\" data-elementor-lightbox-slideshow=\"4d9d9662\" data-elementor-lightbox-title=\"Montaje de chimeneas en Madrid\" data-elementor-lightbox-description=\"Montaje de chimeneas en Madrid\" href='https:\/\/montajedechimeneas.com\/wp-content\/uploads\/2021\/04\/Electrogenos-7-scaled.jpg'><img loading=\"lazy\" decoding=\"async\" width=\"768\" height=\"1365\" src=\"https:\/\/montajedechimeneas.com\/wp-content\/uploads\/2021\/04\/Electrogenos-7-768x1365.jpg\" class=\"attachment-medium_large size-medium_large\" alt=\"Montaje de chimeneas en Madrid\" srcset=\"https:\/\/montajedechimeneas.com\/wp-content\/uploads\/2021\/04\/Electrogenos-7-768x1365.jpg 768w, https:\/\/montajedechimeneas.com\/wp-content\/uploads\/2021\/04\/Electrogenos-7-169x300.jpg 169w, https:\/\/montajedechimeneas.com\/wp-content\/uploads\/2021\/04\/Electrogenos-7-576x1024.jpg 576w, https:\/\/montajedechimeneas.com\/wp-content\/uploads\/2021\/04\/Electrogenos-7-864x1536.jpg 864w, https:\/\/montajedechimeneas.com\/wp-content\/uploads\/2021\/04\/Electrogenos-7-1152x2048.jpg 1152w, https:\/\/montajedechimeneas.com\/wp-content\/uploads\/2021\/04\/Electrogenos-7-scaled.jpg 1440w\" sizes=\"auto, (max-width: 768px) 100vw, 768px\" \/><\/a>\n\t\t\t<\/div><\/figure>\n\t\t<\/div>\n\t\t<\/div>\n\t\t\t\t<\/div>\n\t\t\t\t<\/div>\n\t\t\t\t\t<\/div>\n\t\t<\/div>\n\t\t\t\t\t\t\t<\/div>\n\t\t<\/section>\n\t\t\t\t\t\t<\/div>\n\t\t\t\t\t<\/div>\n\t\t","protected":false},"excerpt":{"rendered":"<p>Grupos Electr\u00f3genos La evacuaci\u00f3n de los gases de combusti\u00f3n de Grupos Electr\u00f3genos, tiene una especial dificultad, debido a las altas temperaturas de trabajo de los mismos y a la sobrepresi\u00f3n que se genera en los conductos de evacuaci\u00f3n. Para solventar estas dificultades, trabajamos con conductos con aislamientos t\u00e9rmicos de mayor densidad y espesor, as\u00ed como &hellip;<\/p>\n<p class=\"read-more\"> <a class=\"\" href=\"https:\/\/montajedechimeneas.com\/?page_id=1535\"> <span class=\"screen-reader-text\">Grupos electr\u00f3genos<\/span> Leer m\u00e1s &raquo;<\/a><\/p>\n","protected":false},"author":1,"featured_media":0,"parent":0,"menu_order":0,"comment_status":"closed","ping_status":"closed","template":"","meta":{"_mi_skip_tracking":false,"site-sidebar-layout":"no-sidebar","site-content-layout":"page-builder","ast-global-header-display":"","ast-main-header-display":"","ast-hfb-above-header-display":"","ast-hfb-below-header-display":"","ast-hfb-mobile-header-display":"","site-post-title":"disabled","ast-breadcrumbs-content":"","ast-featured-img":"disabled","footer-sml-layout":"","theme-transparent-header-meta":"default","adv-header-id-meta":"","stick-header-meta":"","header-above-stick-meta":"","header-main-stick-meta":"","header-below-stick-meta":"","_joinchat":[],"footnotes":""},"class_list":["post-1535","page","type-page","status-publish","hentry"],"_links":{"self":[{"href":"https:\/\/montajedechimeneas.com\/index.php?rest_route=\/wp\/v2\/pages\/1535","targetHints":{"allow":["GET"]}}],"collection":[{"href":"https:\/\/montajedechimeneas.com\/index.php?rest_route=\/wp\/v2\/pages"}],"about":[{"href":"https:\/\/montajedechimeneas.com\/index.php?rest_route=\/wp\/v2\/types\/page"}],"author":[{"embeddable":true,"href":"https:\/\/montajedechimeneas.com\/index.php?rest_route=\/wp\/v2\/users\/1"}],"replies":[{"embeddable":true,"href":"https:\/\/montajedechimeneas.com\/index.php?rest_route=%2Fwp%2Fv2%2Fcomments&post=1535"}],"version-history":[{"count":28,"href":"https:\/\/montajedechimeneas.com\/index.php?rest_route=\/wp\/v2\/pages\/1535\/revisions"}],"predecessor-version":[{"id":2891,"href":"https:\/\/montajedechimeneas.com\/index.php?rest_route=\/wp\/v2\/pages\/1535\/revisions\/2891"}],"wp:attachment":[{"href":"https:\/\/montajedechimeneas.com\/index.php?rest_route=%2Fwp%2Fv2%2Fmedia&parent=1535"}],"curies":[{"name":"wp","href":"https:\/\/api.w.org\/{rel}","templated":true}]}}