{"id":1254,"date":"2021-04-20T15:16:12","date_gmt":"2021-04-20T15:16:12","guid":{"rendered":"https:\/\/montajedechimeneas.com\/?page_id=1254"},"modified":"2023-05-05T08:32:47","modified_gmt":"2023-05-05T08:32:47","slug":"ventilacion-y-extraccion","status":"publish","type":"page","link":"https:\/\/montajedechimeneas.com\/?page_id=1254","title":{"rendered":"Ventilaci\u00f3n y extracci\u00f3n"},"content":{"rendered":"\t\t<div data-elementor-type=\"wp-page\" data-elementor-id=\"1254\" class=\"elementor elementor-1254\" data-elementor-settings=\"[]\">\n\t\t\t\t\t\t\t<div class=\"elementor-section-wrap\">\n\t\t\t\t\t\t\t<section class=\"elementor-section elementor-top-section elementor-element elementor-element-34277c67 elementor-section-boxed elementor-section-height-default elementor-section-height-default\" data-id=\"34277c67\" data-element_type=\"section\">\n\t\t\t\t\t\t\t<div class=\"elementor-background-overlay\"><\/div>\n\t\t\t\t\t\t\t<div class=\"elementor-container elementor-column-gap-no\">\n\t\t\t\t\t<div class=\"elementor-column elementor-col-50 elementor-top-column elementor-element elementor-element-217497e3\" data-id=\"217497e3\" data-element_type=\"column\">\n\t\t\t<div class=\"elementor-widget-wrap elementor-element-populated\">\n\t\t\t\t\t\t\t\t<div class=\"elementor-element elementor-element-25666558 elementor-widget elementor-widget-heading\" data-id=\"25666558\" data-element_type=\"widget\" data-widget_type=\"heading.default\">\n\t\t\t\t<div class=\"elementor-widget-container\">\n\t\t\t<h2 class=\"elementor-heading-title elementor-size-default\">Ventilaci\u00f3n y Extracci\u00f3n<\/h2>\t\t<\/div>\n\t\t\t\t<\/div>\n\t\t\t\t\t<\/div>\n\t\t<\/div>\n\t\t\t\t<div class=\"elementor-column elementor-col-50 elementor-top-column elementor-element elementor-element-2d17052\" data-id=\"2d17052\" data-element_type=\"column\">\n\t\t\t<div class=\"elementor-widget-wrap elementor-element-populated\">\n\t\t\t\t\t\t\t\t<div class=\"elementor-element elementor-element-77680b8d elementor-widget elementor-widget-text-editor\" data-id=\"77680b8d\" data-element_type=\"widget\" data-widget_type=\"text-editor.default\">\n\t\t\t\t<div class=\"elementor-widget-container\">\n\t\t\t\t\t<div class=\"elementor-text-editor elementor-clearfix\"><p><span style=\"font-weight: 400;\">La renovaci\u00f3n del aire viciado de los distintos, negocios, naves, locales, etc., toma cada d\u00eda m\u00e1s relevancia. Ello hace que destinamos parte de nuestros esfuerzos a realizar instalaciones que permitan que respiremos un aire limpio en lugares cerrados.<\/span><\/p><p><span style=\"font-weight: 400;\">Esto lo conseguimos usando sistemas compuestos por extractores, conductos, recuperadores y un largo etc. de equipos que nos ayudan a mantener el aire limpio.<\/span><\/p><\/div>\n\t\t\t\t<\/div>\n\t\t\t\t<\/div>\n\t\t\t\t<div class=\"elementor-element elementor-element-00d88f6 elementor-align-center elementor-widget elementor-widget-button\" data-id=\"00d88f6\" data-element_type=\"widget\" data-widget_type=\"button.default\">\n\t\t\t\t<div class=\"elementor-widget-container\">\n\t\t\t\t\t<div class=\"elementor-button-wrapper\">\n\t\t\t<a href=\"https:\/\/montajedechimeneas.com\/?page_id=754\" class=\"elementor-button-link elementor-button elementor-size-sm\" role=\"button\">\n\t\t\t\t\t\t<span class=\"elementor-button-content-wrapper\">\n\t\t\t\t\t\t<span class=\"elementor-button-text\">Haz clic aqu\u00ed para contactarnos.<\/span>\n\t\t<\/span>\n\t\t\t\t\t<\/a>\n\t\t<\/div>\n\t\t\t\t<\/div>\n\t\t\t\t<\/div>\n\t\t\t\t\t<\/div>\n\t\t<\/div>\n\t\t\t\t\t\t\t<\/div>\n\t\t<\/section>\n\t\t\t\t<section class=\"elementor-section elementor-top-section elementor-element elementor-element-4fa11189 elementor-section-boxed elementor-section-height-default elementor-section-height-default\" data-id=\"4fa11189\" data-element_type=\"section\" data-settings=\"{&quot;background_background&quot;:&quot;gradient&quot;}\">\n\t\t\t\t\t\t<div class=\"elementor-container elementor-column-gap-no\">\n\t\t\t\t\t<div class=\"elementor-column elementor-col-100 elementor-top-column elementor-element elementor-element-6a0cb495\" data-id=\"6a0cb495\" data-element_type=\"column\">\n\t\t\t<div class=\"elementor-widget-wrap elementor-element-populated\">\n\t\t\t\t\t\t\t\t<div class=\"elementor-element elementor-element-4d9d9662 gallery-spacing-custom elementor-widget elementor-widget-image-gallery\" data-id=\"4d9d9662\" data-element_type=\"widget\" data-settings=\"{&quot;_animation&quot;:&quot;none&quot;}\" data-widget_type=\"image-gallery.default\">\n\t\t\t\t<div class=\"elementor-widget-container\">\n\t\t\t\t\t<div class=\"elementor-image-gallery\">\n\t\t\t<div id='gallery-1' class='gallery galleryid-1254 gallery-columns-5 gallery-size-medium_large'><figure class='gallery-item'>\n\t\t\t<div class='gallery-icon landscape'>\n\t\t\t\t<a data-elementor-open-lightbox=\"yes\" data-elementor-lightbox-slideshow=\"4d9d9662\" data-elementor-lightbox-title=\"Montaje de chimeneas en Madrid\" data-elementor-lightbox-description=\"Montaje de chimeneas en Madrid\" href='https:\/\/montajedechimeneas.com\/wp-content\/uploads\/2021\/04\/Ventilacion-3-scaled.jpg'><img loading=\"lazy\" decoding=\"async\" width=\"768\" height=\"576\" src=\"https:\/\/montajedechimeneas.com\/wp-content\/uploads\/2021\/04\/Ventilacion-3-768x576.jpg\" class=\"attachment-medium_large size-medium_large\" alt=\"Montaje de chimeneas en Madrid\" srcset=\"https:\/\/montajedechimeneas.com\/wp-content\/uploads\/2021\/04\/Ventilacion-3-768x576.jpg 768w, https:\/\/montajedechimeneas.com\/wp-content\/uploads\/2021\/04\/Ventilacion-3-300x225.jpg 300w, https:\/\/montajedechimeneas.com\/wp-content\/uploads\/2021\/04\/Ventilacion-3-1024x768.jpg 1024w, https:\/\/montajedechimeneas.com\/wp-content\/uploads\/2021\/04\/Ventilacion-3-1536x1152.jpg 1536w, https:\/\/montajedechimeneas.com\/wp-content\/uploads\/2021\/04\/Ventilacion-3-2048x1536.jpg 2048w\" sizes=\"auto, (max-width: 768px) 100vw, 768px\" \/><\/a>\n\t\t\t<\/div><\/figure><figure class='gallery-item'>\n\t\t\t<div class='gallery-icon landscape'>\n\t\t\t\t<a data-elementor-open-lightbox=\"yes\" data-elementor-lightbox-slideshow=\"4d9d9662\" data-elementor-lightbox-title=\"Ventilaci\u00f3n 5\" data-elementor-lightbox-description=\"Montaje de chimeneas en Madrid\" href='https:\/\/montajedechimeneas.com\/wp-content\/uploads\/2021\/04\/Ventilacion-5.jpg'><img loading=\"lazy\" decoding=\"async\" width=\"768\" height=\"576\" src=\"https:\/\/montajedechimeneas.com\/wp-content\/uploads\/2021\/04\/Ventilacion-5-768x576.jpg\" class=\"attachment-medium_large size-medium_large\" alt=\"Montaje de chimeneas en Madrid\" srcset=\"https:\/\/montajedechimeneas.com\/wp-content\/uploads\/2021\/04\/Ventilacion-5-768x576.jpg 768w, https:\/\/montajedechimeneas.com\/wp-content\/uploads\/2021\/04\/Ventilacion-5-300x225.jpg 300w, https:\/\/montajedechimeneas.com\/wp-content\/uploads\/2021\/04\/Ventilacion-5-1024x768.jpg 1024w, https:\/\/montajedechimeneas.com\/wp-content\/uploads\/2021\/04\/Ventilacion-5.jpg 1280w\" sizes=\"auto, (max-width: 768px) 100vw, 768px\" \/><\/a>\n\t\t\t<\/div><\/figure><figure class='gallery-item'>\n\t\t\t<div class='gallery-icon landscape'>\n\t\t\t\t<a data-elementor-open-lightbox=\"yes\" data-elementor-lightbox-slideshow=\"4d9d9662\" data-elementor-lightbox-title=\"Ventilaci\u00f3n 4\" data-elementor-lightbox-description=\"Montaje de chimeneas en Madrid\" href='https:\/\/montajedechimeneas.com\/wp-content\/uploads\/2021\/04\/Ventilacion-4.jpg'><img loading=\"lazy\" decoding=\"async\" width=\"768\" height=\"576\" src=\"https:\/\/montajedechimeneas.com\/wp-content\/uploads\/2021\/04\/Ventilacion-4-768x576.jpg\" class=\"attachment-medium_large size-medium_large\" alt=\"Montaje de chimeneas en Madrid\" srcset=\"https:\/\/montajedechimeneas.com\/wp-content\/uploads\/2021\/04\/Ventilacion-4-768x576.jpg 768w, https:\/\/montajedechimeneas.com\/wp-content\/uploads\/2021\/04\/Ventilacion-4-300x225.jpg 300w, https:\/\/montajedechimeneas.com\/wp-content\/uploads\/2021\/04\/Ventilacion-4-1024x768.jpg 1024w, https:\/\/montajedechimeneas.com\/wp-content\/uploads\/2021\/04\/Ventilacion-4.jpg 1280w\" sizes=\"auto, (max-width: 768px) 100vw, 768px\" \/><\/a>\n\t\t\t<\/div><\/figure><figure class='gallery-item'>\n\t\t\t<div class='gallery-icon landscape'>\n\t\t\t\t<a data-elementor-open-lightbox=\"yes\" data-elementor-lightbox-slideshow=\"4d9d9662\" data-elementor-lightbox-title=\"Montaje de chimeneas en Madrid\" data-elementor-lightbox-description=\"Montaje de chimeneas en Madrid\" href='https:\/\/montajedechimeneas.com\/wp-content\/uploads\/2021\/04\/Ventilacion-2-scaled.jpg'><img loading=\"lazy\" decoding=\"async\" width=\"768\" height=\"432\" src=\"https:\/\/montajedechimeneas.com\/wp-content\/uploads\/2021\/04\/Ventilacion-2-768x432.jpg\" class=\"attachment-medium_large size-medium_large\" alt=\"Montaje de chimeneas en Madrid\" srcset=\"https:\/\/montajedechimeneas.com\/wp-content\/uploads\/2021\/04\/Ventilacion-2-768x432.jpg 768w, https:\/\/montajedechimeneas.com\/wp-content\/uploads\/2021\/04\/Ventilacion-2-300x169.jpg 300w, https:\/\/montajedechimeneas.com\/wp-content\/uploads\/2021\/04\/Ventilacion-2-1024x576.jpg 1024w, https:\/\/montajedechimeneas.com\/wp-content\/uploads\/2021\/04\/Ventilacion-2-1536x864.jpg 1536w, https:\/\/montajedechimeneas.com\/wp-content\/uploads\/2021\/04\/Ventilacion-2-2048x1152.jpg 2048w\" sizes=\"auto, (max-width: 768px) 100vw, 768px\" \/><\/a>\n\t\t\t<\/div><\/figure><figure class='gallery-item'>\n\t\t\t<div class='gallery-icon landscape'>\n\t\t\t\t<a data-elementor-open-lightbox=\"yes\" data-elementor-lightbox-slideshow=\"4d9d9662\" data-elementor-lightbox-title=\"Montaje de chimeneas en Madrid\" data-elementor-lightbox-description=\"Montaje de chimeneas en Madrid\" href='https:\/\/montajedechimeneas.com\/wp-content\/uploads\/2021\/04\/Ventilacion-1-scaled.jpg'><img loading=\"lazy\" decoding=\"async\" width=\"768\" height=\"432\" src=\"https:\/\/montajedechimeneas.com\/wp-content\/uploads\/2021\/04\/Ventilacion-1-768x432.jpg\" class=\"attachment-medium_large size-medium_large\" alt=\"Montaje de chimeneas en Madrid\" srcset=\"https:\/\/montajedechimeneas.com\/wp-content\/uploads\/2021\/04\/Ventilacion-1-768x432.jpg 768w, https:\/\/montajedechimeneas.com\/wp-content\/uploads\/2021\/04\/Ventilacion-1-300x169.jpg 300w, https:\/\/montajedechimeneas.com\/wp-content\/uploads\/2021\/04\/Ventilacion-1-1024x576.jpg 1024w, https:\/\/montajedechimeneas.com\/wp-content\/uploads\/2021\/04\/Ventilacion-1-1536x864.jpg 1536w, https:\/\/montajedechimeneas.com\/wp-content\/uploads\/2021\/04\/Ventilacion-1-2048x1152.jpg 2048w\" sizes=\"auto, (max-width: 768px) 100vw, 768px\" \/><\/a>\n\t\t\t<\/div><\/figure><figure class='gallery-item'>\n\t\t\t<div class='gallery-icon portrait'>\n\t\t\t\t<a data-elementor-open-lightbox=\"yes\" data-elementor-lightbox-slideshow=\"4d9d9662\" data-elementor-lightbox-title=\"Ventilaci\u00f3n 7\" data-elementor-lightbox-description=\"Montaje de chimeneas en Madrid\" href='https:\/\/montajedechimeneas.com\/wp-content\/uploads\/2021\/04\/Ventilacion-7.jpg'><img loading=\"lazy\" decoding=\"async\" width=\"768\" height=\"1024\" src=\"https:\/\/montajedechimeneas.com\/wp-content\/uploads\/2021\/04\/Ventilacion-7-768x1024.jpg\" class=\"attachment-medium_large size-medium_large\" alt=\"Montaje de chimeneas en Madrid\" srcset=\"https:\/\/montajedechimeneas.com\/wp-content\/uploads\/2021\/04\/Ventilacion-7-768x1024.jpg 768w, https:\/\/montajedechimeneas.com\/wp-content\/uploads\/2021\/04\/Ventilacion-7-225x300.jpg 225w, https:\/\/montajedechimeneas.com\/wp-content\/uploads\/2021\/04\/Ventilacion-7.jpg 960w\" sizes=\"auto, (max-width: 768px) 100vw, 768px\" \/><\/a>\n\t\t\t<\/div><\/figure><figure class='gallery-item'>\n\t\t\t<div class='gallery-icon portrait'>\n\t\t\t\t<a data-elementor-open-lightbox=\"yes\" data-elementor-lightbox-slideshow=\"4d9d9662\" data-elementor-lightbox-title=\"Ventilaci\u00f3n 6\" data-elementor-lightbox-description=\"Montaje de chimeneas en Madrid\" href='https:\/\/montajedechimeneas.com\/wp-content\/uploads\/2021\/04\/Ventilacion-6-scaled.jpg'><img loading=\"lazy\" decoding=\"async\" width=\"768\" height=\"1024\" src=\"https:\/\/montajedechimeneas.com\/wp-content\/uploads\/2021\/04\/Ventilacion-6-768x1024.jpg\" class=\"attachment-medium_large size-medium_large\" alt=\"Montaje de chimeneas en Madrid\" srcset=\"https:\/\/montajedechimeneas.com\/wp-content\/uploads\/2021\/04\/Ventilacion-6-768x1024.jpg 768w, https:\/\/montajedechimeneas.com\/wp-content\/uploads\/2021\/04\/Ventilacion-6-225x300.jpg 225w, https:\/\/montajedechimeneas.com\/wp-content\/uploads\/2021\/04\/Ventilacion-6-1152x1536.jpg 1152w, https:\/\/montajedechimeneas.com\/wp-content\/uploads\/2021\/04\/Ventilacion-6-1536x2048.jpg 1536w, https:\/\/montajedechimeneas.com\/wp-content\/uploads\/2021\/04\/Ventilacion-6-scaled.jpg 1920w\" sizes=\"auto, (max-width: 768px) 100vw, 768px\" \/><\/a>\n\t\t\t<\/div><\/figure><figure class='gallery-item'>\n\t\t\t<div class='gallery-icon portrait'>\n\t\t\t\t<a data-elementor-open-lightbox=\"yes\" data-elementor-lightbox-slideshow=\"4d9d9662\" data-elementor-lightbox-title=\"Ventilaci\u00f3n 8\" data-elementor-lightbox-description=\"Montaje de chimeneas en Madrid\" href='https:\/\/montajedechimeneas.com\/wp-content\/uploads\/2021\/04\/Ventilacion-8-e1619511030739.jpg'><img loading=\"lazy\" decoding=\"async\" width=\"747\" height=\"986\" src=\"https:\/\/montajedechimeneas.com\/wp-content\/uploads\/2021\/04\/Ventilacion-8-e1619511030739.jpg\" class=\"attachment-medium_large size-medium_large\" alt=\"Montaje de chimeneas en Madrid\" srcset=\"https:\/\/montajedechimeneas.com\/wp-content\/uploads\/2021\/04\/Ventilacion-8-e1619511030739.jpg 747w, https:\/\/montajedechimeneas.com\/wp-content\/uploads\/2021\/04\/Ventilacion-8-e1619511030739-227x300.jpg 227w\" sizes=\"auto, (max-width: 747px) 100vw, 747px\" \/><\/a>\n\t\t\t<\/div><\/figure>\n\t\t<\/div>\n\t\t<\/div>\n\t\t\t\t<\/div>\n\t\t\t\t<\/div>\n\t\t\t\t\t<\/div>\n\t\t<\/div>\n\t\t\t\t\t\t\t<\/div>\n\t\t<\/section>\n\t\t\t\t\t\t<\/div>\n\t\t\t\t\t<\/div>\n\t\t","protected":false},"excerpt":{"rendered":"<p>Ventilaci\u00f3n y Extracci\u00f3n La renovaci\u00f3n del aire viciado de los distintos, negocios, naves, locales, etc., toma cada d\u00eda m\u00e1s relevancia. Ello hace que destinamos parte de nuestros esfuerzos a realizar instalaciones que permitan que respiremos un aire limpio en lugares cerrados. Esto lo conseguimos usando sistemas compuestos por extractores, conductos, recuperadores y un largo etc. &hellip;<\/p>\n<p class=\"read-more\"> <a class=\"\" href=\"https:\/\/montajedechimeneas.com\/?page_id=1254\"> <span class=\"screen-reader-text\">Ventilaci\u00f3n y extracci\u00f3n<\/span> Leer m\u00e1s &raquo;<\/a><\/p>\n","protected":false},"author":1,"featured_media":0,"parent":0,"menu_order":0,"comment_status":"closed","ping_status":"closed","template":"","meta":{"_mi_skip_tracking":false,"site-sidebar-layout":"no-sidebar","site-content-layout":"page-builder","ast-global-header-display":"","ast-main-header-display":"","ast-hfb-above-header-display":"","ast-hfb-below-header-display":"","ast-hfb-mobile-header-display":"","site-post-title":"disabled","ast-breadcrumbs-content":"","ast-featured-img":"disabled","footer-sml-layout":"","theme-transparent-header-meta":"default","adv-header-id-meta":"","stick-header-meta":"","header-above-stick-meta":"","header-main-stick-meta":"","header-below-stick-meta":"","_joinchat":[],"footnotes":""},"class_list":["post-1254","page","type-page","status-publish","hentry"],"_links":{"self":[{"href":"https:\/\/montajedechimeneas.com\/index.php?rest_route=\/wp\/v2\/pages\/1254","targetHints":{"allow":["GET"]}}],"collection":[{"href":"https:\/\/montajedechimeneas.com\/index.php?rest_route=\/wp\/v2\/pages"}],"about":[{"href":"https:\/\/montajedechimeneas.com\/index.php?rest_route=\/wp\/v2\/types\/page"}],"author":[{"embeddable":true,"href":"https:\/\/montajedechimeneas.com\/index.php?rest_route=\/wp\/v2\/users\/1"}],"replies":[{"embeddable":true,"href":"https:\/\/montajedechimeneas.com\/index.php?rest_route=%2Fwp%2Fv2%2Fcomments&post=1254"}],"version-history":[{"count":37,"href":"https:\/\/montajedechimeneas.com\/index.php?rest_route=\/wp\/v2\/pages\/1254\/revisions"}],"predecessor-version":[{"id":2885,"href":"https:\/\/montajedechimeneas.com\/index.php?rest_route=\/wp\/v2\/pages\/1254\/revisions\/2885"}],"wp:attachment":[{"href":"https:\/\/montajedechimeneas.com\/index.php?rest_route=%2Fwp%2Fv2%2Fmedia&parent=1254"}],"curies":[{"name":"wp","href":"https:\/\/api.w.org\/{rel}","templated":true}]}}